{"id":834,"date":"2014-03-18T09:49:29","date_gmt":"2014-03-18T09:49:29","guid":{"rendered":"http:\/\/the7.dream-demo.com\/business\/?page_id=2"},"modified":"2016-09-10T13:12:33","modified_gmt":"2016-09-10T18:12:33","slug":"inicio","status":"publish","type":"page","link":"https:\/\/fundacionasq.org\/es\/","title":{"rendered":"Inicio"},"content":{"rendered":"<p>[vc_row margin_bottom=\u00bb20&#8243;][vc_column offset=\u00bbvc_col-lg-6 vc_col-md-6 vc_col-xs-12&#8243;][vc_column_text]<\/p>\n<h4>FUNDACI\u00d3N ALEJANDRO SEPULVEDA QUINTERO<\/h4>\n<p>[\/vc_column_text][vc_empty_space height=\u00bb16px\u00bb][vc_column_text]La fundaci\u00f3n ASQ es una organizaci\u00f3n sin fin de lucro que nace por voluntad de sus creadores para mostrar el amor de Dios y contribuir en el mejoramiento de la calidad de vida de las personas para impactar de manera \u00f3ptima la sociedad y el mundo; abord\u00e1ndolas desde una perspectiva humana y biopsicosocial.<\/p>\n<p>&nbsp;<\/p>\n<p><strong>Prevenci\u00f3n, educaci\u00f3n y desarrollo auto social sostenible son los principales prop\u00f3sitos.<\/strong>[\/vc_column_text][vc_empty_space height=\u00bb40px\u00bb][\/vc_column][vc_column width=\u00bb1\/2&#8243; offset=\u00bbvc_col-lg-3 vc_col-md-3 vc_col-xs-12&#8243;][vc_column_text]<\/p>\n<h4>VALORES CORPORATIVOS<\/h4>\n<p>[\/vc_column_text][vc_empty_space height=\u00bb16px\u00bb][vc_progress_bar values=\u00bb%5B%7B%22label%22%3A%22Liderar%20con%20ejemplo%22%2C%22value%22%3A%2299%22%7D%2C%7B%22label%22%3A%22Respeto%20a%20las%20diferencias%22%2C%22value%22%3A%2299%22%7D%2C%7B%22label%22%3A%22Trabajo%20en%20equipo%22%2C%22value%22%3A%2299%22%7D%2C%7B%22label%22%3A%22Compromiso%22%2C%22value%22%3A%2299%22%7D%2C%7B%22label%22%3A%22Profesionalismo%22%2C%22value%22%3A%2299%22%7D%5D\u00bb options=\u00bbstriped\u00bb caption_pos=\u00bbtop\u00bb][vc_empty_space height=\u00bb40px\u00bb][\/vc_column][vc_column width=\u00bb1\/2&#8243; offset=\u00bbvc_col-lg-3 vc_col-md-3 vc_col-xs-12&#8243;][vc_column_text]<\/p>\n<h4>Ay\u00fadanos<\/h4>\n<p>[\/vc_column_text][vc_empty_space height=\u00bb16px\u00bb][vc_empty_space height=\u00bb40px\u00bb][vc_raw_html]JTNDYSUyMGhyZWYlM0QlMjJodHRwJTNBJTJGJTJGZnVuZGFjaW9uYXNxLm9yZyUyRmF5dWRhbm9zJTJGJTIyJTNFJTNDaW1nJTIwY2xhc3MlM0QlMjJhbGlnbm5vbmUlMjBzaXplLW1lZGl1bSUyMHdwLWltYWdlLTE0ODY3JTIyJTIwc3JjJTNEJTIyaHR0cCUzQSUyRiUyRmZ1bmRhY2lvbmFzcS5vcmclMkZ3cC1jb250ZW50JTJGdXBsb2FkcyUyRjIwMTQlMkYwMyUyRmRvbmFjaW9uZXNfZXMtMzAweDE1OC5wbmclMjIlMjBhbHQlM0QlMjJkb25hY2lvbmVzX2VzJTIyJTIwd2lkdGglM0QlMjIzMDAlMjIlMjBoZWlnaHQlM0QlMjIxNTglMjIlMjAlMkYlM0UlM0MlMkZhJTNF[\/vc_raw_html][\/vc_column][\/vc_row][vc_row type=\u00bb1&#8243; parallax=\u00bbcontent-moving-fade\u00bb parallax_image=\u00bb14888&#8243; animation=\u00bbswing\u00bb full_width_row=\u00bbtrue\u00bb bg_cover=\u00bbtrue\u00bb enable_parallax=\u00bbfalse\u00bb css=\u00bb.vc_custom_1460942773051{background-image: url(http:\/\/cdn2.lavozdelmuro.net\/wp-content\/uploads\/2014\/07\/ninos-jugando-29.jpg?id=) !important;}\u00bb bg_image=\u00bbhttp:\/\/www.fundaciontelevisa.org\/mejorenfamilia\/wp-content\/uploads\/2014\/06\/iStock_000041235750Medium.jpg\u00bb][vc_column width=\u00bb1\/3&#8243; offset=\u00bbvc_col-lg-9 vc_col-md-9 vc_col-xs-12&#8243;][vc_empty_space height=\u00bb300px\u00bb][vc_column_text css_animation=\u00bbswing\u00bb]<\/p>\n<blockquote>\n<p style=\"text-align: center;\"><strong>Uno de los secretos profundos de la vida es que lo \u00fanico que merece la pena hacer es lo que hacemos por los dem\u00e1s<\/strong><\/p>\n<\/blockquote>\n<p>[\/vc_column_text][vc_empty_space height=\u00bb300px\u00bb][\/vc_column][\/vc_row][vc_row margin_top=\u00bb55&#8243; margin_bottom=\u00bb25&#8243;][vc_column width=\u00bb1\/6&#8243; offset=\u00bbvc_col-lg-3 vc_col-md-3 vc_col-xs-12&#8243;][vc_column_text]<\/p>\n<h4>Programas Sociales<\/h4>\n<p>[\/vc_column_text][vc_empty_space height=\u00bb16px\u00bb][vc_column_text]La fundaci\u00f3n ASQ proporciona un abordaje completo a trav\u00e9s del modelo biopsicosocial y humano a las familias, adolescentes, ni\u00f1os, ni\u00f1as, adultos, adultos mayores en situaci\u00f3n de vulnerabilidad\u00a0\u00a0 a trav\u00e9s de grupos interdisciplinario y voluntariados[\/vc_column_text][vc_empty_space height=\u00bb8px\u00bb]<a href=\"http:\/\/fundacionasq.org\/ayudanos\/\" class=\"btn-shortcode dt-btn-m btn-link title-btn-color accent-btn-hover-color default-btn-bg-color default-btn-bg-hover-color ico-right-side\" id=\"dt-btn-1\"><span>Donar<\/span><i class=\"fa fa-chevron-circle-right\"><\/i><\/a>[vc_empty_space height=\u00bb40px\u00bb][\/vc_column][vc_column width=\u00bb1\/6&#8243; offset=\u00bbvc_col-lg-3 vc_col-md-3 vc_col-xs-12&#8243;][vc_empty_space height=\u00bb10px\u00bb]<section class=\"shortcode-teaser img-full frame-fancy frame-on fadeInUp animate-element\"><div class=\"layzr-bg shortcode-teaser-img\"><img class=\"lazy-load\"src=\"data:image\/svg+xml;charset=utf-8,%3Csvg xmlns%3D&#039;http%3A%2F%2Fwww.w3.org%2F2000%2Fsvg&#039; viewBox%3D&#039;0 0 0 0&#039;%2F%3E\"data-src=\"http:\/\/fundacionasq.org\/wp-content\/uploads\/2016\/07\/legacy.png\"data-srcset=\"http:\/\/fundacionasq.org\/wp-content\/uploads\/2016\/07\/legacy.png 0w\"\/><\/div><div class=\"shortcode-teaser-content text-big\"><h5 style=\"text-align: center;\">Legado<\/h5>\n<p style=\"text-align: center;\">\u201cLos abuelos de Alejandro\u201d<br \/>\nProyectos orientados a la poblaci\u00f3n de Adultos mayores<\/p>\n<div class=\"gap\" style=\"line-height: 10px; height: 10px;\"><\/div>\n<p style=\"text-align: center;\"><a href=\"http:\/\/fundacionasq.org\/que-hacemos\/\" class=\"btn-shortcode dt-btn-s dt-btn default-btn-color default-btn-hover-color default-btn-bg-color default-btn-bg-hover-color\" target=\"_blank\" id=\"dt-btn-2\"><span>Mas Informaci\u00f3n<\/span><\/a><\/p>\n<\/div><\/section>[vc_empty_space height=\u00bb40px\u00bb][\/vc_column][vc_column width=\u00bb1\/6&#8243; offset=\u00bbvc_col-lg-3 vc_col-md-3 vc_col-xs-12&#8243;][vc_empty_space height=\u00bb10px\u00bb]<section class=\"shortcode-teaser img-full frame-fancy frame-on fadeInUp animate-element\"><div class=\"layzr-bg shortcode-teaser-img\"><img class=\"lazy-load\"src=\"data:image\/svg+xml;charset=utf-8,%3Csvg xmlns%3D&#039;http%3A%2F%2Fwww.w3.org%2F2000%2Fsvg&#039; viewBox%3D&#039;0 0 0 0&#039;%2F%3E\"data-src=\"http:\/\/www.condimentosputumayo.com\/galerias\/familias\/p1985pep571bq51ao91hd71b2n1r3j1.jpg\"data-srcset=\"http:\/\/www.condimentosputumayo.com\/galerias\/familias\/p1985pep571bq51ao91hd71b2n1r3j1.jpg 0w\"\/><\/div><div class=\"shortcode-teaser-content text-big\"><h5 style=\"text-align: center;\">Amor sin barreras<\/h5>\n<p style=\"text-align: center;\">Proyectos orientados a la familia, poblaci\u00f3n vulnerable y en pobreza<\/p>\n<div class=\"gap\" style=\"line-height: 10px; height: 10px;\"><\/div>\n<p style=\"text-align: center;\"><a href=\"http:\/\/fundacionasq.org\/que-hacemos\/\" class=\"btn-shortcode dt-btn-s dt-btn default-btn-color default-btn-hover-color default-btn-bg-color default-btn-bg-hover-color\" target=\"_blank\" id=\"dt-btn-3\"><span>Mas Informaci\u00f3n<\/span><\/a><\/p>\n<\/div><\/section>[vc_empty_space height=\u00bb40px\u00bb][\/vc_column][vc_column width=\u00bb1\/6&#8243; offset=\u00bbvc_col-lg-3 vc_col-md-3 vc_col-xs-12&#8243;][vc_empty_space height=\u00bb10px\u00bb]<section class=\"shortcode-teaser img-full frame-fancy frame-on fadeInUp animate-element\"><div class=\"layzr-bg shortcode-teaser-img\"><img class=\"lazy-load\"src=\"data:image\/svg+xml;charset=utf-8,%3Csvg xmlns%3D&#039;http%3A%2F%2Fwww.w3.org%2F2000%2Fsvg&#039; viewBox%3D&#039;0 0 0 0&#039;%2F%3E\"data-src=\"http:\/\/www.lailuminacion.com\/temas\/imagenestemas\/indigente.jpg\"data-srcset=\"http:\/\/www.lailuminacion.com\/temas\/imagenestemas\/indigente.jpg 0w\"\/><\/div><div class=\"shortcode-teaser-content text-big\"><h5 style=\"text-align: center;\">Misericordia<\/h5>\n<p style=\"text-align: center;\">Proyectos orientados a brindar dotaci\u00f3n y apoyo emocional a personas en estado de abandono y pobreza en hospitales y calle.<\/p>\n<div class=\"gap\" style=\"line-height: 10px; height: 10px;\"><\/div>\n<p style=\"text-align: center;\"><a href=\"http:\/\/fundacionasq.org\/que-hacemos\/\" class=\"btn-shortcode dt-btn-s dt-btn default-btn-color default-btn-hover-color default-btn-bg-color default-btn-bg-hover-color\" target=\"_blank\" id=\"dt-btn-4\"><span>Mas Informaci\u00f3n<\/span><\/a><\/p>\n<\/div><\/section>[vc_empty_space height=\u00bb40px\u00bb][\/vc_column][\/vc_row][vc_row margin_top=\u00bb55&#8243; margin_bottom=\u00bb25&#8243;][vc_column width=\u00bb1\/6&#8243; offset=\u00bbvc_col-lg-3 vc_col-md-3 vc_col-xs-12&#8243;][vc_empty_space height=\u00bb16px\u00bb][\/vc_column][vc_column width=\u00bb1\/6&#8243; offset=\u00bbvc_col-lg-3 vc_col-md-3 vc_col-xs-12&#8243;][vc_empty_space height=\u00bb10px\u00bb]<section class=\"shortcode-teaser img-full frame-fancy frame-on fadeInUp animate-element\"><div class=\"layzr-bg shortcode-teaser-img\"><img class=\"lazy-load\"src=\"data:image\/svg+xml;charset=utf-8,%3Csvg xmlns%3D&#039;http%3A%2F%2Fwww.w3.org%2F2000%2Fsvg&#039; viewBox%3D&#039;0 0 0 0&#039;%2F%3E\"data-src=\"http:\/\/www.revistacarrusel.cl\/wp-content\/uploads\/2015\/05\/rebelde.jpg\"data-srcset=\"http:\/\/www.revistacarrusel.cl\/wp-content\/uploads\/2015\/05\/rebelde.jpg 0w\"\/><\/div><div class=\"shortcode-teaser-content text-big\"><h5 style=\"text-align: center;\">New Project<\/h5>\n<p style=\"text-align: center;\">Proyectos orientados a la poblaci\u00f3n de adolescentes<\/p>\n<div class=\"gap\" style=\"line-height: 10px; height: 10px;\"><\/div>\n<p style=\"text-align: center;\"><a href=\"http:\/\/fundacionasq.org\/que-hacemos\/\" class=\"btn-shortcode dt-btn-s dt-btn default-btn-color default-btn-hover-color default-btn-bg-color default-btn-bg-hover-color\" target=\"_blank\" id=\"dt-btn-5\"><span>Mas Informaci\u00f3n<\/span><\/a><\/p>\n<\/div><\/section>[vc_empty_space height=\u00bb40px\u00bb][\/vc_column][vc_column width=\u00bb1\/6&#8243; offset=\u00bbvc_col-lg-3 vc_col-md-3 vc_col-xs-12&#8243;][vc_empty_space height=\u00bb10px\u00bb]<section class=\"shortcode-teaser img-full frame-fancy frame-on fadeInUp animate-element\"><div class=\"layzr-bg shortcode-teaser-img\"><img class=\"lazy-load\"src=\"data:image\/svg+xml;charset=utf-8,%3Csvg xmlns%3D&#039;http%3A%2F%2Fwww.w3.org%2F2000%2Fsvg&#039; viewBox%3D&#039;0 0 0 0&#039;%2F%3E\"data-src=\"http:\/\/fundacionasq.org\/wp-content\/uploads\/2016\/08\/camiloseedsemillas.jpg\"data-srcset=\"http:\/\/fundacionasq.org\/wp-content\/uploads\/2016\/08\/camiloseedsemillas.jpg 0w\"\/><\/div><div class=\"shortcode-teaser-content text-big\"><h5 style=\"text-align: center;\">Semillas De Camilo<\/h5>\n<p style=\"text-align: center;\">Proyectos orientados a ni\u00f1os y ni\u00f1as potencializando su m\u00e1ximo potencial humano a trav\u00e9s de actividades extracurriculares de apoyo acad\u00e9mico y\/o cultural.<\/p>\n<div class=\"gap\" style=\"line-height: 10px; height: 10px;\"><\/div>\n<p style=\"text-align: center;\"><a href=\"http:\/\/fundacionasq.org\/que-hacemos\/\" class=\"btn-shortcode dt-btn-s dt-btn default-btn-color default-btn-hover-color default-btn-bg-color default-btn-bg-hover-color\" target=\"_blank\" id=\"dt-btn-6\"><span>Mas Informaci\u00f3n<\/span><\/a><\/p>\n<\/div><\/section>[vc_empty_space height=\u00bb40px\u00bb][\/vc_column][vc_column width=\u00bb1\/6&#8243;][\/vc_column][\/vc_row][vc_row type=\u00bb1&#8243; margin_bottom=\u00bb-50&#8243; padding_top=\u00bb55&#8243; padding_bottom=\u00bb20&#8243; bg_repeat=\u00bbrepeat\u00bb][vc_column offset=\u00bbvc_col-lg-3 vc_col-md-3 vc_col-xs-12&#8243;][vc_column_text]<\/p>\n<h4>Noticias<\/h4>\n<p>[\/vc_column_text][vc_empty_space height=\u00bb16px\u00bb][vc_column_text]Noticias y notas de prensa sobre la fundaci\u00f3n Alejandro Sepulveda Quintero \u00a0y sus actividades.[\/vc_column_text][vc_empty_space height=\u00bb8px\u00bb]<a href=\"http:\/\/fundacionasq.org\/blog\/\" class=\"btn-shortcode dt-btn-m btn-link title-btn-color accent-btn-hover-color default-btn-bg-color default-btn-bg-hover-color ico-right-side\" id=\"dt-btn-7\"><span>Mas Noticias<\/span><i class=\"fa fa-chevron-circle-right\"><\/i><\/a>[vc_empty_space height=\u00bb40px\u00bb][\/vc_column][vc_column offset=\u00bbvc_col-lg-9 vc_col-md-9 vc_col-xs-12&#8243;]<div class=\"dt-blog-shortcode slider-wrapper arrows-light bg-on description-under-image\" data-padding-side=\"20\" data-autoslide=\"false\" data-delay=\"0\" data-loop=\"false\"><div class=\"frame fullwidth-slider\"><ul class=\"clearfix\"><li class=\"fs-entry\">\n\n<article class=\"post post-191 type-post status-publish format-standard has-post-thumbnail hentry category-noticias tag-quindio tag-suicidio bg-on description-off\">\n\n\t<div class=\"blog-media wf-td\"><p><a href=\"https:\/\/fundacionasq.org\/es\/2016\/05\/06\/ola-suicidios-en-el-quindio\/\" class=\"alignnone rollover layzr-bg\" ><img class=\"lazy-load preload-me\" src=\"data:image\/svg+xml;charset=utf-8,%3Csvg xmlns%3D'http%3A%2F%2Fwww.w3.org%2F2000%2Fsvg' viewBox%3D'0 0 294 210'%2F%3E\" data-src=\"https:\/\/fundacionasq.org\/wp-content\/uploads\/2014\/03\/quindio1-294x210.jpg\" data-srcset=\"https:\/\/fundacionasq.org\/wp-content\/uploads\/2014\/03\/quindio1-294x210.jpg 294w, https:\/\/fundacionasq.org\/wp-content\/uploads\/2014\/03\/quindio1-588x420.jpg 588w\" alt=\"\" title=\"quindio1\" width=\"294\" height=\"210\"  \/><\/a><\/p><\/div><div class=\"blog-content wf-td\">\n\n\t\t<h3 class=\"entry-title\">\n\t\t<a href=\"https:\/\/fundacionasq.org\/es\/2016\/05\/06\/ola-suicidios-en-el-quindio\/\" title=\"La ola de suicidios en el Quind\u00edo\" rel=\"bookmark\">La ola de suicidios en el Quind\u00edo<\/a>\n\t<\/h3>\n\n\t\n\t\n\t\n\t\n<\/div>\n<\/article><!-- #post-191 -->\n\n<\/li><\/ul><\/div><div class=\"prev\"><i><\/i><\/div><div class=\"next\"><i><\/i><\/div><\/div>[vc_empty_space height=\u00bb40px\u00bb][\/vc_column][\/vc_row]<\/p>\n","protected":false},"excerpt":{"rendered":"<p>[vc_row margin_bottom=\u00bb20&#8243;][vc_column offset=\u00bbvc_col-lg-6 vc_col-md-6 vc_col-xs-12&#8243;][vc_column_text] FUNDACI\u00d3N ALEJANDRO SEPULVEDA QUINTERO [\/vc_column_text][vc_empty_space height=\u00bb16px\u00bb][vc_column_text]La fundaci\u00f3n ASQ es una organizaci\u00f3n sin fin de lucro que nace por voluntad de sus creadores para mostrar el amor de Dios y contribuir en el mejoramiento de la calidad de vida de las personas para impactar de manera \u00f3ptima la sociedad y el&hellip;<\/p>\n","protected":false},"author":1,"featured_media":0,"parent":0,"menu_order":0,"comment_status":"closed","ping_status":"closed","template":"","meta":[],"_links":{"self":[{"href":"https:\/\/fundacionasq.org\/es\/wp-json\/wp\/v2\/pages\/834"}],"collection":[{"href":"https:\/\/fundacionasq.org\/es\/wp-json\/wp\/v2\/pages"}],"about":[{"href":"https:\/\/fundacionasq.org\/es\/wp-json\/wp\/v2\/types\/page"}],"author":[{"embeddable":true,"href":"https:\/\/fundacionasq.org\/es\/wp-json\/wp\/v2\/users\/1"}],"replies":[{"embeddable":true,"href":"https:\/\/fundacionasq.org\/es\/wp-json\/wp\/v2\/comments?post=834"}],"version-history":[{"count":46,"href":"https:\/\/fundacionasq.org\/es\/wp-json\/wp\/v2\/pages\/834\/revisions"}],"predecessor-version":[{"id":15110,"href":"https:\/\/fundacionasq.org\/es\/wp-json\/wp\/v2\/pages\/834\/revisions\/15110"}],"wp:attachment":[{"href":"https:\/\/fundacionasq.org\/es\/wp-json\/wp\/v2\/media?parent=834"}],"curies":[{"name":"wp","href":"https:\/\/api.w.org\/{rel}","templated":true}]}}