{"id":7,"date":"2014-03-18T10:03:13","date_gmt":"2014-03-18T10:03:13","guid":{"rendered":"http:\/\/the7.dream-demo.com\/business\/?page_id=7"},"modified":"2016-05-10T15:49:27","modified_gmt":"2016-05-10T20:49:27","slug":"que-hacemos","status":"publish","type":"page","link":"https:\/\/fundacionasq.org\/es\/que-hacemos\/","title":{"rendered":"Que Hacemos"},"content":{"rendered":"<p>[vc_row margin_top=\u00bb5&#8243; margin_bottom=\u00bb10&#8243;][vc_column width=\u00bb2\/3&#8243;][vc_empty_space height=\u00bb5px\u00bb]<section id=\"benefits-grid-1\" class=\"benefits-grid wf-container icons-bg accent-bg light-hover-bg custom-icon-color light-icon-hover-color\" data-width=\"180px\" data-columns=\"3\"><style type=\"text\/css\">#benefits-grid-1.icons-bg .benefits-grid-ico { height: 60px; line-height: 60px; width: 60px; }#benefits-grid-1.icons-bg .benefits-grid-ico > .fa { font-size: 34px; line-height: 60px; }#benefits-grid-1.custom-icon-color .benefits-grid-ico > .fa,\n\t\t\t\t\t#benefits-grid-1.custom-icon-color .benefits-grid-ico > .fa:before { color: #ffffff; }<\/style><div class=\"wf-cell\"><div><div class=\"text-big\"><div class=\"benefit-line-decoration\"><span class=\"benefits-grid-ico\"><i class=\"fa fa-leaf\"><\/i><\/span><h4>Legado<\/h4><\/div><p>\u201cLos abuelos de Alejandro\u201d<br \/>\nProyectos orientados a la poblaci\u00f3n de Adultos mayores<\/p>\n<\/div><\/div><\/div><div class=\"wf-cell\"><div><div class=\"text-big\"><div class=\"benefit-line-decoration\"><span class=\"benefits-grid-ico\"><i class=\"fa fa-heart-o\"><\/i><\/span><h4>Amor sin barreras<\/h4><\/div><p>Proyectos orientados a la familia, poblaci\u00f3n vulnerable y en pobreza.<\/p>\n<\/div><\/div><\/div><div class=\"wf-cell\"><div><div class=\"text-big\"><div class=\"benefit-line-decoration\"><span class=\"benefits-grid-ico\"><i class=\"fa fa-life-ring\"><\/i><\/span><h4>Misericordia<\/h4><\/div><p>Proyectos orientados a brindar dotaci\u00f3n y apoyo emocional a personas en estado de abandono y pobreza en hospitales y calle.<\/p>\n<\/div><\/div><\/div><div class=\"wf-cell\"><div><div class=\"text-big\"><div class=\"benefit-line-decoration\"><span class=\"benefits-grid-ico\"><i class=\"fa fa-rocket\"><\/i><\/span><h4>New Project<\/h4><\/div><p>Proyectos orientados a la poblaci\u00f3n de adolescentes.<\/p>\n<\/div><\/div><\/div><div class=\"wf-cell\"><div><div class=\"text-big\"><div class=\"benefit-line-decoration\"><span class=\"benefits-grid-ico\"><i class=\"fa fa-child\"><\/i><\/span><h4>Semillas<\/h4><\/div><p>Proyectos orientados a ni\u00f1os y ni\u00f1as potencializando su m\u00e1ximo potencial humano a trav\u00e9s de actividades extracurriculares de apoyo acad\u00e9mico y\/o cultural.<\/p>\n<\/div><\/div><\/div><\/section>[vc_empty_space height=\u00bb50px\u00bb][\/vc_column][vc_column width=\u00bb1\/3&#8243;][vc_column_text]<\/p>\n<p>La fundaci\u00f3n ASQ proporciona un abordaje completo a trav\u00e9s del modelo biopsicosocial y humano a las familias, adolescentes, ni\u00f1os, ni\u00f1as, adultos, adultos mayores en situaci\u00f3n de vulnerabilidad a trav\u00e9s de grupos interdisciplinario y voluntariados.<\/p>\n<p>&nbsp;<\/p>\n<p>&nbsp;<\/p>\n<p>Las personas que conforman la fundaci\u00f3n, voluntariado y poblaci\u00f3n objetivo siempre estar\u00e1n en un proceso continuo de educaci\u00f3n y fortalecimiento de habilidades.[\/vc_column_text][vc_empty_space height=\u00bb22px\u00bb][vc_empty_space height=\u00bb14px\u00bb]<a href=\"http:\/\/fundacionasq.org\/ayudanos\/\" class=\"btn-shortcode dt-btn-s dt-btn default-btn-color default-btn-hover-color default-btn-bg-color default-btn-bg-hover-color ico-right-side\" id=\"dt-btn-1\"><span>Donar<\/span><i class=\"fa fa-envelope-o\"><\/i><\/a>[vc_empty_space height=\u00bb40px\u00bb][\/vc_column][\/vc_row]<\/p>\n","protected":false},"excerpt":{"rendered":"<p>[vc_row margin_top=\u00bb5&#8243; margin_bottom=\u00bb10&#8243;][vc_column width=\u00bb2\/3&#8243;][vc_empty_space height=\u00bb5px\u00bb][vc_empty_space height=\u00bb50px\u00bb][\/vc_column][vc_column width=\u00bb1\/3&#8243;][vc_column_text] La fundaci\u00f3n ASQ proporciona un abordaje completo a trav\u00e9s del modelo biopsicosocial y humano a las familias, adolescentes, ni\u00f1os, ni\u00f1as, adultos, adultos mayores en situaci\u00f3n de vulnerabilidad a trav\u00e9s de grupos interdisciplinario y voluntariados. &nbsp; &nbsp; Las personas que conforman la fundaci\u00f3n, voluntariado y poblaci\u00f3n objetivo siempre estar\u00e1n&hellip;<\/p>\n","protected":false},"author":1,"featured_media":0,"parent":0,"menu_order":200,"comment_status":"closed","ping_status":"closed","template":"","meta":[],"_links":{"self":[{"href":"https:\/\/fundacionasq.org\/es\/wp-json\/wp\/v2\/pages\/7"}],"collection":[{"href":"https:\/\/fundacionasq.org\/es\/wp-json\/wp\/v2\/pages"}],"about":[{"href":"https:\/\/fundacionasq.org\/es\/wp-json\/wp\/v2\/types\/page"}],"author":[{"embeddable":true,"href":"https:\/\/fundacionasq.org\/es\/wp-json\/wp\/v2\/users\/1"}],"replies":[{"embeddable":true,"href":"https:\/\/fundacionasq.org\/es\/wp-json\/wp\/v2\/comments?post=7"}],"version-history":[{"count":5,"href":"https:\/\/fundacionasq.org\/es\/wp-json\/wp\/v2\/pages\/7\/revisions"}],"predecessor-version":[{"id":14948,"href":"https:\/\/fundacionasq.org\/es\/wp-json\/wp\/v2\/pages\/7\/revisions\/14948"}],"wp:attachment":[{"href":"https:\/\/fundacionasq.org\/es\/wp-json\/wp\/v2\/media?parent=7"}],"curies":[{"name":"wp","href":"https:\/\/api.w.org\/{rel}","templated":true}]}}