{"id":835,"date":"2014-03-18T10:02:39","date_gmt":"2014-03-18T10:02:39","guid":{"rendered":"http:\/\/the7.dream-demo.com\/business\/?page_id=5"},"modified":"2016-07-26T22:18:46","modified_gmt":"2016-07-27T03:18:46","slug":"fundacion-asq","status":"publish","type":"page","link":"http:\/\/fundacionasq.org\/es\/fundacion-asq\/","title":{"rendered":"Fundaci\u00f3n ASQ"},"content":{"rendered":"<p>[vc_row margin_top=\u00bb5&#8243; margin_bottom=\u00bb20&#8243;][vc_column width=\u00bb1\/3&#8243;][vc_column_text]<\/p>\n<h3>MISI\u00d3N<\/h3>\n<p>[\/vc_column_text][vc_empty_space height=\u00bb24px\u00bb][vc_column_text]<blockquote class=\"text-normal shortcode-blockquote block-style-widget\"><h5>Abordar desde una perspectiva humana &amp; biopsicosocial, problem\u00e1ticas en familias, ni\u00f1os, j\u00f3venes y adultos que est\u00e1n en situaciones de dificultad y vulnerabilidad a mejorar su calidad de vida y a impactar de manera positiva la sociedad y el mundo.<\/h5>\n<\/blockquote>[\/vc_column_text][vc_column_text]<\/p>\n<h3>VISI\u00d3N<\/h3>\n<p>[\/vc_column_text][vc_column_text]<blockquote class=\"text-normal shortcode-blockquote block-style-widget\"><h5>Ser una fundaci\u00f3n de consulta nacional e internacional en temas encaminados a mejorar las condiciones personales, familiares y sociales a trav\u00e9s de un abordaje humano y biopsicosocial que contribuya al acceso a condiciones de una vida digna mediante acciones de desarrollo e inclusi\u00f3n social.<\/h5>\n<\/blockquote>[\/vc_column_text][vc_empty_space height=\u00bb50px\u00bb][\/vc_column][vc_column width=\u00bb1\/3&#8243;][vc_column_text]<\/p>\n<div class=\"wpb_text_column wpb_content_element \">\n<div class=\"wpb_wrapper\">\n<h4>FUNDACI\u00d3N ALEJANDRO SEPULVEDA QUINTERO<\/h4>\n<\/div>\n<\/div>\n<p>[\/vc_column_text][vc_empty_space height=\u00bb18px\u00bb][vc_column_text]La fundaci\u00f3n ASQ manos unidas barreras vencidas es una organizaci\u00f3n sin fin de lucro que nace por voluntad de sus creadores para contribuir en el mejoramiento de la calidad de vida de las personas para impactar de manera \u00f3ptima la sociedad y el mundo; abord\u00e1ndolas desde una perspectiva humana y biopsicosocial.<\/p>\n<p>&nbsp;<\/p>\n<p><strong>Prevenci\u00f3n, educaci\u00f3n y desarrollo auto social sostenible son los principales prop\u00f3sitos.<\/strong>[\/vc_column_text][vc_empty_space height=\u00bb50px\u00bb][\/vc_column][vc_column width=\u00bb1\/3&#8243;][vc_column_text]<\/p>\n<h3>Valores\u00a0Corporativos<\/h3>\n<p>[\/vc_column_text][vc_empty_space height=\u00bb24px\u00bb][vc_progress_bar values=\u00bb%5B%7B%22label%22%3A%22Humanismo%22%2C%22value%22%3A%22100%22%2C%22color%22%3A%22violet%22%7D%2C%7B%22label%22%3A%22Liderar%20con%20ejemplo%22%2C%22value%22%3A%22100%22%2C%22color%22%3A%22violet%22%7D%2C%7B%22label%22%3A%22Respeto%20a%20las%20diferencias%22%2C%22value%22%3A%22100%22%2C%22color%22%3A%22violet%22%7D%2C%7B%22label%22%3A%22Trabajo%20en%20equipo%22%2C%22value%22%3A%22100%22%2C%22color%22%3A%22violet%22%7D%2C%7B%22label%22%3A%22Compromiso%22%2C%22value%22%3A%22100%22%2C%22color%22%3A%22violet%22%7D%2C%7B%22label%22%3A%22Profesionalismo%22%2C%22value%22%3A%22100%22%2C%22color%22%3A%22violet%22%7D%5D\u00bb bgcolor=\u00bbcustom\u00bb options=\u00bbstriped,animated\u00bb custombgcolor=\u00bb#303135&#8243;][vc_empty_space height=\u00bb50px\u00bb][\/vc_column][\/vc_row][vc_row margin_top=\u00bb55&#8243; margin_bottom=\u00bb-30&#8243;][vc_column width=\u00bb2\/3&#8243;][vc_column_text]<\/p>\n<h3>COMO LO HACEMOS<\/h3>\n<p>[\/vc_column_text][vc_empty_space height=\u00bb18px\u00bb][vc_column_text]La fundaci\u00f3n ASQ implementa mediante la ejecuci\u00f3n de proyectos en forma directa o en asociaci\u00f3n con otras instituciones el m\u00e9todo investigativo\/ acci\u00f3n abordando problem\u00e1ticas ya identificadas, estudiadas, analizadas y justificadas basados en procedimientos cient\u00edficos de obtenci\u00f3n de informaci\u00f3n, formulaci\u00f3n de hip\u00f3tesis sobre el fen\u00f3meno, medici\u00f3n y evaluaci\u00f3n.<\/p>\n<p>La Fundaci\u00f3n cuenta con un c\u00f3digo de conducta con el objetivo de garantizar un correcto destino de fondos, y criterios de trabajo de sus participantes y voluntariados.[\/vc_column_text][vc_empty_space height=\u00bb50px\u00bb][\/vc_column][vc_column width=\u00bb1\/3&#8243;][vc_column_text]<\/p>\n<h3>Testimonios<\/h3>\n<p>[\/vc_column_text][vc_empty_space height=\u00bb24px\u00bb]<section class=\"testimonial-item testimonial-item-slider\"><ul class=\"testimonials slider-content rsCont\">\n<li><article>\n\t<div class=\"testimonial-content\"><p>Curabitur pellentesque neque eget diam posuere porta. Quisque ut nulla at nunc vehicula lacinia. Proin tellus ut feugiat nibh adipiscing metus sit amet.<\/p>\n<\/div>\n\t<div class=\"testimonial-vcard\"><div class=\"wf-td\"><span class=\"alignleft layzr-bg\"><img class=\"lazy-load preload-me\" src=\"data:image\/svg+xml;charset=utf-8,%3Csvg xmlns%3D'http%3A%2F%2Fwww.w3.org%2F2000%2Fsvg' viewBox%3D'0 0 60 60'%2F%3E\" data-src=\"http:\/\/fundacionasq.org\/wp-content\/uploads\/2014\/03\/noimage-8-60x60.jpg\" data-srcset=\"http:\/\/fundacionasq.org\/wp-content\/uploads\/2014\/03\/noimage-8-60x60.jpg 60w, http:\/\/fundacionasq.org\/wp-content\/uploads\/2014\/03\/noimage-8-120x120.jpg 120w\" width=\"60\" height=\"60\"   alt=\"\" \/><\/span><\/div><div class=\"wf-td\"><span class=\"text-primary\">Richard Anderson<\/span><br \/><span class=\"text-secondary color-secondary\">creative director<\/span><\/div><\/div>\n<\/article>\n<\/li><li><article>\n\t<div class=\"testimonial-content\"><p>Perspiciatis faucibus purus unde om iste natus sit!\u00a0Proin adipiscing porta tellus, ut feugiat nibh adipiscing metus sit amet. In eu justo a felis faucibus ornare vel id metus. Thanx!<\/p>\n<\/div>\n\t<div class=\"testimonial-vcard\"><div class=\"wf-td\"><span class=\"alignleft layzr-bg\"><img class=\"lazy-load preload-me\" src=\"data:image\/svg+xml;charset=utf-8,%3Csvg xmlns%3D'http%3A%2F%2Fwww.w3.org%2F2000%2Fsvg' viewBox%3D'0 0 60 60'%2F%3E\" data-src=\"http:\/\/fundacionasq.org\/wp-content\/uploads\/2014\/03\/noimage-60x60.jpg\" data-srcset=\"http:\/\/fundacionasq.org\/wp-content\/uploads\/2014\/03\/noimage-60x60.jpg 60w, http:\/\/fundacionasq.org\/wp-content\/uploads\/2014\/03\/noimage-120x120.jpg 120w\" width=\"60\" height=\"60\"   alt=\"\" \/><\/span><\/div><div class=\"wf-td\"><span class=\"text-primary\">Nicolas Blackriver<\/span><br \/><span class=\"text-secondary color-secondary\">web developer<\/span><\/div><\/div>\n<\/article>\n<\/li><li><article>\n\t<div class=\"testimonial-content\"><p>Phasellus et nisl tellus. Etiam facilisis eu nisi scelerisque faucibus. Proin semper suscipit magna, nec imperdiet lacus semper vitae hendrerit enim non justo. Phasellus eget purus vel mauris tincidunt!<\/p>\n<\/div>\n\t<div class=\"testimonial-vcard\"><div class=\"wf-td\"><span class=\"alignleft layzr-bg\"><img class=\"lazy-load preload-me\" src=\"data:image\/svg+xml;charset=utf-8,%3Csvg xmlns%3D'http%3A%2F%2Fwww.w3.org%2F2000%2Fsvg' viewBox%3D'0 0 60 60'%2F%3E\" data-src=\"http:\/\/fundacionasq.org\/wp-content\/uploads\/2014\/03\/noimage-1-60x60.jpg\" data-srcset=\"http:\/\/fundacionasq.org\/wp-content\/uploads\/2014\/03\/noimage-1-60x60.jpg 60w, http:\/\/fundacionasq.org\/wp-content\/uploads\/2014\/03\/noimage-1-120x120.jpg 120w\" width=\"60\" height=\"60\"   alt=\"\" \/><\/span><\/div><div class=\"wf-td\"><span class=\"text-primary\">James Richardson<\/span><br \/><span class=\"text-secondary color-secondary\">account manager<\/span><\/div><\/div>\n<\/article>\n<\/li><li><article>\n\t<div class=\"testimonial-content\"><p><span style=\"color: #888888\">In eu justo a felis faucibus ornare vel id metus. Sed hendrerit enim non justo posuere placerat. Phasellus eget purus vel mauris tincidunt tincidunt. Sed et nibhbus pellentesque facilisis.<\/span><\/p>\n<\/div>\n\t<div class=\"testimonial-vcard\"><div class=\"wf-td\"><span class=\"alignleft layzr-bg\"><img class=\"lazy-load preload-me\" src=\"data:image\/svg+xml;charset=utf-8,%3Csvg xmlns%3D'http%3A%2F%2Fwww.w3.org%2F2000%2Fsvg' viewBox%3D'0 0 60 60'%2F%3E\" data-src=\"http:\/\/fundacionasq.org\/wp-content\/uploads\/2014\/03\/noimage-3-60x60.jpg\" data-srcset=\"http:\/\/fundacionasq.org\/wp-content\/uploads\/2014\/03\/noimage-3-60x60.jpg 60w, http:\/\/fundacionasq.org\/wp-content\/uploads\/2014\/03\/noimage-3-120x120.jpg 120w\" width=\"60\" height=\"60\"   alt=\"\" \/><\/span><\/div><div class=\"wf-td\"><span class=\"text-primary\">Tiffany Firebird<\/span><br \/><span class=\"text-secondary color-secondary\">photographer<\/span><\/div><\/div>\n<\/article>\n<\/li><li><article>\n\t<div class=\"testimonial-content\"><p>Curabitur pellentesque neque eget diam posuere porta glavrida lorem dolor ut nulla at nunc. Lorem ipsum dolor! Thank you very much!<\/p>\n<\/div>\n\t<div class=\"testimonial-vcard\"><div class=\"wf-td\"><span class=\"alignleft layzr-bg\"><img class=\"lazy-load preload-me\" src=\"data:image\/svg+xml;charset=utf-8,%3Csvg xmlns%3D'http%3A%2F%2Fwww.w3.org%2F2000%2Fsvg' viewBox%3D'0 0 60 60'%2F%3E\" data-src=\"http:\/\/fundacionasq.org\/wp-content\/uploads\/2014\/03\/noimage-6-60x60.jpg\" data-srcset=\"http:\/\/fundacionasq.org\/wp-content\/uploads\/2014\/03\/noimage-6-60x60.jpg 60w, http:\/\/fundacionasq.org\/wp-content\/uploads\/2014\/03\/noimage-6-120x120.jpg 120w\" width=\"60\" height=\"60\"   alt=\"\" \/><\/span><\/div><div class=\"wf-td\"><span class=\"text-primary\">Jennifer Greenfield<\/span><br \/><span class=\"text-secondary color-secondary\">writer & journalist<\/span><\/div><\/div>\n<\/article>\n<\/li><\/ul>\n<\/section>[vc_empty_space height=\u00bb25px\u00bb][vc_row_inner el_class=\u00bbtext-centered\u00bb][vc_column_inner][\/vc_column_inner][\/vc_row_inner][\/vc_column][\/vc_row]<\/p>\n","protected":false},"excerpt":{"rendered":"<p>[vc_row margin_top=\u00bb5&#8243; margin_bottom=\u00bb20&#8243;][vc_column width=\u00bb1\/3&#8243;][vc_column_text] MISI\u00d3N [\/vc_column_text][vc_empty_space height=\u00bb24px\u00bb][vc_column_text][\/vc_column_text][vc_column_text] VISI\u00d3N [\/vc_column_text][vc_column_text][\/vc_column_text][vc_empty_space height=\u00bb50px\u00bb][\/vc_column][vc_column width=\u00bb1\/3&#8243;][vc_column_text] FUNDACI\u00d3N ALEJANDRO SEPULVEDA QUINTERO [\/vc_column_text][vc_empty_space height=\u00bb18px\u00bb][vc_column_text]La fundaci\u00f3n ASQ manos unidas barreras vencidas es una organizaci\u00f3n sin fin de lucro que nace por voluntad de sus creadores para contribuir en el mejoramiento de la calidad de vida de las personas para impactar de manera \u00f3ptima&hellip;<\/p>\n","protected":false},"author":1,"featured_media":0,"parent":0,"menu_order":400,"comment_status":"closed","ping_status":"closed","template":"","meta":[],"_links":{"self":[{"href":"http:\/\/fundacionasq.org\/es\/wp-json\/wp\/v2\/pages\/835"}],"collection":[{"href":"http:\/\/fundacionasq.org\/es\/wp-json\/wp\/v2\/pages"}],"about":[{"href":"http:\/\/fundacionasq.org\/es\/wp-json\/wp\/v2\/types\/page"}],"author":[{"embeddable":true,"href":"http:\/\/fundacionasq.org\/es\/wp-json\/wp\/v2\/users\/1"}],"replies":[{"embeddable":true,"href":"http:\/\/fundacionasq.org\/es\/wp-json\/wp\/v2\/comments?post=835"}],"version-history":[{"count":5,"href":"http:\/\/fundacionasq.org\/es\/wp-json\/wp\/v2\/pages\/835\/revisions"}],"predecessor-version":[{"id":14929,"href":"http:\/\/fundacionasq.org\/es\/wp-json\/wp\/v2\/pages\/835\/revisions\/14929"}],"wp:attachment":[{"href":"http:\/\/fundacionasq.org\/es\/wp-json\/wp\/v2\/media?parent=835"}],"curies":[{"name":"wp","href":"https:\/\/api.w.org\/{rel}","templated":true}]}}