{"id":11,"date":"2014-03-18T10:04:12","date_gmt":"2014-03-18T10:04:12","guid":{"rendered":"http:\/\/the7.dream-demo.com\/business\/?page_id=11"},"modified":"2016-05-10T21:16:25","modified_gmt":"2016-05-11T02:16:25","slug":"contacto","status":"publish","type":"page","link":"http:\/\/fundacionasq.org\/es\/contacto\/","title":{"rendered":"Contacto"},"content":{"rendered":"<p>[vc_row margin_top=\u00bb5&#8243; margin_bottom=\u00bb-35&#8243;][vc_column offset=\u00bbvc_col-lg-4 vc_col-md-4 vc_col-xs-12&#8243;][vc_column_text]<\/p>\n<h3>Env\u00edanos Un Mensaje<\/h3>\n<p>[\/vc_column_text][vc_empty_space height=\u00bb24px\u00bb]<form class=\"contact-form dt-form\" action=\"\/\" method=\"post\">\n<input type=\"hidden\" name=\"widget_id\" value=\"presscore-contact-form-widget--1\" \/><input type=\"hidden\" name=\"send_message\" value=\"\" \/><div class=\"form-fields\"><span class=\"form-name\"><label class=\"assistive-text\">Nombre *<\/label><input type=\"text\" class=\"validate[required]\" placeholder=\"Nombre *\" name=\"name\" value=\"\" aria-required=\"true\">\n<\/span><span class=\"form-mail\"><label class=\"assistive-text\">E-mail *<\/label><input type=\"text\" class=\"validate[required,custom[email]]\" placeholder=\"E-mail *\" name=\"email\" value=\"\" aria-required=\"true\">\n<\/span><span class=\"form-telephone\"><label class=\"assistive-text\">Tel\u00e9fono<\/label><input type=\"text\" placeholder=\"Tel\u00e9fono\" name=\"telephone\" value=\"\" aria-required=\"false\">\n<\/span><\/div><span class=\"form-message\"><label class=\"assistive-text\">Mensaje *<\/label><textarea class=\"validate[required]\" placeholder=\"Mensaje *\" name=\"message\" rows=\"4\" aria-required=\"true\"><\/textarea>\n<\/span><p><a href=\"#\" class=\"dt-btn dt-btn-m dt-btn-submit\" rel=\"nofollow\"><span>Enviar<\/span><\/a><a href=\"#\" class=\"clear-form\" rel=\"nofollow\">limpiar<\/a><input class=\"assistive-text\" type=\"submit\" value=\"enviar\"><\/p><\/form>\n[vc_empty_space height=\u00bb40px\u00bb][\/vc_column][vc_column width=\u00bb1\/2&#8243; offset=\u00bbvc_col-lg-4 vc_col-md-4 vc_col-xs-12&#8243;][vc_column_text]<\/p>\n<h3>Ubicaci\u00f3n<\/h3>\n<p>[\/vc_column_text][vc_empty_space height=\u00bb24px\u00bb][vc_empty_space height=\u00bb45px\u00bb][vc_raw_html]JTNDc2NyaXB0JTIwc3JjJTNEJTI3aHR0cHMlM0ElMkYlMkZtYXBzLmdvb2dsZWFwaXMuY29tJTJGbWFwcyUyRmFwaSUyRmpzJTNGdiUzRDMuZXhwJTI3JTNFJTNDJTJGc2NyaXB0JTNFJTNDZGl2JTIwc3R5bGUlM0QlMjdvdmVyZmxvdyUzQWhpZGRlbiUzQmhlaWdodCUzQTMwMHB4JTNCd2lkdGglM0EyMjBweCUzQiUyNyUzRSUzQ2RpdiUyMGlkJTNEJTI3Z21hcF9jYW52YXMlMjclMjBzdHlsZSUzRCUyN2hlaWdodCUzQTQwMHB4JTNCd2lkdGglM0E1MjBweCUzQiUyNyUzRSUzQyUyRmRpdiUzRSUzQ3N0eWxlJTNFJTIzZ21hcF9jYW52YXMlMjBpbWclN0JtYXgtd2lkdGglM0Fub25lJTIxaW1wb3J0YW50JTNCYmFja2dyb3VuZCUzQW5vbmUlMjFpbXBvcnRhbnQlN0QlM0MlMkZzdHlsZSUzRSUzQyUyRmRpdiUzRSUyMCUzQ2ElMjBocmVmJTNEJTI3aHR0cCUzQSUyRiUyRm1hcHMtd2Vic2l0ZS5jb20lMkZlcyUyNyUzRWh0dHAlM0ElMkYlMkZNYXBzLUdlbmVyYXRvci5jb20lMkZlcyUzQyUyRmElM0UlMjAlM0NzY3JpcHQlMjB0eXBlJTNEJTI3dGV4dCUyRmphdmFzY3JpcHQlMjclMjBzcmMlM0QlMjdodHRwcyUzQSUyRiUyRmVtYmVkbWFwcy5jb20lMkZnb29nbGUtbWFwcy1hdXRob3JpemF0aW9uJTJGc2NyaXB0LmpzJTNGaWQlM0RkOTNhNjdlZmNhNmMzMDczZDFhNmE5OGQ0Yjg4MDgwOWRkZWQ4ZDhiJTI3JTNFJTNDJTJGc2NyaXB0JTNFJTNDc2NyaXB0JTIwdHlwZSUzRCUyN3RleHQlMkZqYXZhc2NyaXB0JTI3JTNFZnVuY3Rpb24lMjBpbml0X21hcCUyOCUyOSU3QnZhciUyMG15T3B0aW9ucyUyMCUzRCUyMCU3Qnpvb20lM0ExMiUyQ2NlbnRlciUzQW5ldyUyMGdvb2dsZS5tYXBzLkxhdExuZyUyODQuNTQwMTcxNzU5OTkxNTY4JTJDLTc1LjY3NzgyMTczMjI2MzE3JTI5JTJDbWFwVHlwZUlkJTNBJTIwZ29vZ2xlLm1hcHMuTWFwVHlwZUlkLlJPQURNQVAlN0QlM0JtYXAlMjAlM0QlMjBuZXclMjBnb29nbGUubWFwcy5NYXAlMjhkb2N1bWVudC5nZXRFbGVtZW50QnlJZCUyOCUyN2dtYXBfY2FudmFzJTI3JTI5JTJDJTIwbXlPcHRpb25zJTI5JTNCbWFya2VyJTIwJTNEJTIwbmV3JTIwZ29vZ2xlLm1hcHMuTWFya2VyJTI4JTdCbWFwJTNBJTIwbWFwJTJDcG9zaXRpb24lM0ElMjBuZXclMjBnb29nbGUubWFwcy5MYXRMbmclMjg0LjU0MDE3MTc1OTk5MTU2OCUyQy03NS42Nzc4MjE3MzIyNjMxNyUyOSU3RCUyOSUzQmluZm93aW5kb3clMjAlM0QlMjBuZXclMjBnb29nbGUubWFwcy5JbmZvV2luZG93JTI4JTdCY29udGVudCUzQSUyNyUzQ3N0cm9uZyUzRUZ1bmRhY2klQzMlQjNuJTIwQVNRJTIwJTNDJTJGc3Ryb25nJTNFJTNDYnIlM0VjYXJyZXJhJTIwMjYlMjAlMjMlMjAyMC0yMCUzQ2JyJTNFNjAwMDMlMjBBcm1lbmlhJTNDYnIlM0UlMjclN0QlMjklM0Jnb29nbGUubWFwcy5ldmVudC5hZGRMaXN0ZW5lciUyOG1hcmtlciUyQyUyMCUyN2NsaWNrJTI3JTJDJTIwZnVuY3Rpb24lMjglMjklN0JpbmZvd2luZG93Lm9wZW4lMjhtYXAlMkNtYXJrZXIlMjklM0IlN0QlMjklM0JpbmZvd2luZG93Lm9wZW4lMjhtYXAlMkNtYXJrZXIlMjklM0IlN0Rnb29nbGUubWFwcy5ldmVudC5hZGREb21MaXN0ZW5lciUyOHdpbmRvdyUyQyUyMCUyN2xvYWQlMjclMkMlMjBpbml0X21hcCUyOSUzQiUzQyUyRnNjcmlwdCUzRQ==[\/vc_raw_html][\/vc_column][vc_column width=\u00bb1\/2&#8243; offset=\u00bbvc_col-lg-4 vc_col-md-4 vc_col-xs-12&#8243;][vc_column_text]<\/p>\n<h3>Informaci\u00f3n De Contacto<\/h3>\n<p>[\/vc_column_text][vc_empty_space height=\u00bb18px\u00bb][vc_column_text]<span class=\"color-title\">Direccion:<\/span><br \/>\nCr 26 # 20-20 Armenia, Quindio Colombia[\/vc_column_text][vc_empty_space height=\u00bb16px\u00bb][vc_column_text]<span class=\"color-title\">Telefonos:<\/span><br \/>\n(+1) 772 333 8369 USA &#8211; (+57) 321 884 0323 Colombia[\/vc_column_text][vc_empty_space height=\u00bb16px\u00bb][vc_column_text]<span class=\"color-title\">Email:<\/span><br \/>\ninfo@fundacionasq.org[\/vc_column_text][vc_empty_space height=\u00bb16px\u00bb][vc_empty_space height=\u00bb16px\u00bb][vc_column_text]<span class=\"color-title\">Social links:<\/span><div class=\"soc-ico\"><\/div><a title=\"Facebook\" href=\"https:\/\/www.facebook.com\/speico\" target=\"_blank\" class=\"facebook\"><span class=\"assistive-text\">Facebook<\/span><\/a><a title=\"Twitter\" href=\"https:\/\/twitter.com\/cristianp05\" target=\"_blank\" class=\"twitter\"><span class=\"assistive-text\">Twitter<\/span><\/a><a title=\"ID de Google Analytics\" href=\"https:\/\/plus.google.com\/\u200e\" target=\"_blank\" class=\"google\"><span class=\"assistive-text\">ID de Google Analytics<\/span><\/a>[\/vc_column_text][vc_empty_space height=\u00bb40px\u00bb][\/vc_column][\/vc_row][vc_row][vc_column]<section id=\"benefits-grid-1\" class=\"benefits-grid wf-container icons-bg light-bg light-hover-bg light-icon-color light-icon-hover-color\" data-width=\"180px\" data-columns=\"3\"><style type=\"text\/css\">#benefits-grid-1.icons-bg .benefits-grid-ico { height: 70px; line-height: 70px; width: 70px; }#benefits-grid-1.icons-bg .benefits-grid-ico > .fa { font-size: 36px; line-height: 70px; }<\/style><div class=\"wf-cell\"><div><div class=\"text-big\"><div class=\"benefit-line-decoration\"><span class=\"benefits-grid-ico\"><i class=\"fa fa-leaf\"><\/i><\/span><h5>Legado<\/h5><\/div><p>\u201cLos abuelos de Alejandro\u201d<br \/>\nProyectos orientados a la poblaci\u00f3n de Adultos mayores<\/p>\n<\/div><\/div><\/div><div class=\"wf-cell\"><div><div class=\"text-big\"><div class=\"benefit-line-decoration\"><span class=\"benefits-grid-ico\"><i class=\"fa fa-heart-o\"><\/i><\/span><h5>Amor sin barreras<\/h5><\/div><p>Proyectos orientados a la familia, poblaci\u00f3n vulnerable y en pobreza.<\/p>\n<\/div><\/div><\/div><div class=\"wf-cell\"><div><div class=\"text-big\"><div class=\"benefit-line-decoration\"><span class=\"benefits-grid-ico\"><i class=\"fa fa-life-ring\"><\/i><\/span><h5>Misericordia<\/h5><\/div><p>Proyectos orientados a brindar dotaci\u00f3n y apoyo emocional a personas en estado de abandono y pobreza en hospitales y calle.<\/p>\n<\/div><\/div><\/div><div class=\"wf-cell\"><div><div class=\"text-big\"><div class=\"benefit-line-decoration\"><span class=\"benefits-grid-ico\"><i class=\"fa fa-rocket\"><\/i><\/span><h5>New Project<\/h5><\/div><p>Proyectos orientados a la poblaci\u00f3n de adolescentes.<\/p>\n<\/div><\/div><\/div><div class=\"wf-cell\"><div><div class=\"text-big\"><div class=\"benefit-line-decoration\"><span class=\"benefits-grid-ico\"><i class=\"fa fa-child\"><\/i><\/span><h5>Semillas<\/h5><\/div><p>Proyectos orientados a ni\u00f1os y ni\u00f1as potencializando su m\u00e1ximo potencial humano a trav\u00e9s de actividades extracurriculares de apoyo acad\u00e9mico y\/o cultural.<\/p>\n<\/div><\/div><\/div><\/section>[\/vc_column][\/vc_row]<\/p>\n","protected":false},"excerpt":{"rendered":"<p>[vc_row margin_top=\u00bb5&#8243; margin_bottom=\u00bb-35&#8243;][vc_column offset=\u00bbvc_col-lg-4 vc_col-md-4 vc_col-xs-12&#8243;][vc_column_text] Env\u00edanos Un Mensaje [\/vc_column_text][vc_empty_space height=\u00bb24px\u00bb][vc_empty_space height=\u00bb40px\u00bb][\/vc_column][vc_column width=\u00bb1\/2&#8243; offset=\u00bbvc_col-lg-4 vc_col-md-4 vc_col-xs-12&#8243;][vc_column_text] Ubicaci\u00f3n [\/vc_column_text][vc_empty_space height=\u00bb24px\u00bb][vc_empty_space height=\u00bb45px\u00bb][vc_raw_html]JTNDc2NyaXB0JTIwc3JjJTNEJTI3aHR0cHMlM0ElMkYlMkZtYXBzLmdvb2dsZWFwaXMuY29tJTJGbWFwcyUyRmFwaSUyRmpzJTNGdiUzRDMuZXhwJTI3JTNFJTNDJTJGc2NyaXB0JTNFJTNDZGl2JTIwc3R5bGUlM0QlMjdvdmVyZmxvdyUzQWhpZGRlbiUzQmhlaWdodCUzQTMwMHB4JTNCd2lkdGglM0EyMjBweCUzQiUyNyUzRSUzQ2RpdiUyMGlkJTNEJTI3Z21hcF9jYW52YXMlMjclMjBzdHlsZSUzRCUyN2hlaWdodCUzQTQwMHB4JTNCd2lkdGglM0E1MjBweCUzQiUyNyUzRSUzQyUyRmRpdiUzRSUzQ3N0eWxlJTNFJTIzZ21hcF9jYW52YXMlMjBpbWclN0JtYXgtd2lkdGglM0Fub25lJTIxaW1wb3J0YW50JTNCYmFja2dyb3VuZCUzQW5vbmUlMjFpbXBvcnRhbnQlN0QlM0MlMkZzdHlsZSUzRSUzQyUyRmRpdiUzRSUyMCUzQ2ElMjBocmVmJTNEJTI3aHR0cCUzQSUyRiUyRm1hcHMtd2Vic2l0ZS5jb20lMkZlcyUyNyUzRWh0dHAlM0ElMkYlMkZNYXBzLUdlbmVyYXRvci5jb20lMkZlcyUzQyUyRmElM0UlMjAlM0NzY3JpcHQlMjB0eXBlJTNEJTI3dGV4dCUyRmphdmFzY3JpcHQlMjclMjBzcmMlM0QlMjdodHRwcyUzQSUyRiUyRmVtYmVkbWFwcy5jb20lMkZnb29nbGUtbWFwcy1hdXRob3JpemF0aW9uJTJGc2NyaXB0LmpzJTNGaWQlM0RkOTNhNjdlZmNhNmMzMDczZDFhNmE5OGQ0Yjg4MDgwOWRkZWQ4ZDhiJTI3JTNFJTNDJTJGc2NyaXB0JTNFJTNDc2NyaXB0JTIwdHlwZSUzRCUyN3RleHQlMkZqYXZhc2NyaXB0JTI3JTNFZnVuY3Rpb24lMjBpbml0X21hcCUyOCUyOSU3QnZhciUyMG15T3B0aW9ucyUyMCUzRCUyMCU3Qnpvb20lM0ExMiUyQ2NlbnRlciUzQW5ldyUyMGdvb2dsZS5tYXBzLkxhdExuZyUyODQuNTQwMTcxNzU5OTkxNTY4JTJDLTc1LjY3NzgyMTczMjI2MzE3JTI5JTJDbWFwVHlwZUlkJTNBJTIwZ29vZ2xlLm1hcHMuTWFwVHlwZUlkLlJPQURNQVAlN0QlM0JtYXAlMjAlM0QlMjBuZXclMjBnb29nbGUubWFwcy5NYXAlMjhkb2N1bWVudC5nZXRFbGVtZW50QnlJZCUyOCUyN2dtYXBfY2FudmFzJTI3JTI5JTJDJTIwbXlPcHRpb25zJTI5JTNCbWFya2VyJTIwJTNEJTIwbmV3JTIwZ29vZ2xlLm1hcHMuTWFya2VyJTI4JTdCbWFwJTNBJTIwbWFwJTJDcG9zaXRpb24lM0ElMjBuZXclMjBnb29nbGUubWFwcy5MYXRMbmclMjg0LjU0MDE3MTc1OTk5MTU2OCUyQy03NS42Nzc4MjE3MzIyNjMxNyUyOSU3RCUyOSUzQmluZm93aW5kb3clMjAlM0QlMjBuZXclMjBnb29nbGUubWFwcy5JbmZvV2luZG93JTI4JTdCY29udGVudCUzQSUyNyUzQ3N0cm9uZyUzRUZ1bmRhY2klQzMlQjNuJTIwQVNRJTIwJTNDJTJGc3Ryb25nJTNFJTNDYnIlM0VjYXJyZXJhJTIwMjYlMjAlMjMlMjAyMC0yMCUzQ2JyJTNFNjAwMDMlMjBBcm1lbmlhJTNDYnIlM0UlMjclN0QlMjklM0Jnb29nbGUubWFwcy5ldmVudC5hZGRMaXN0ZW5lciUyOG1hcmtlciUyQyUyMCUyN2NsaWNrJTI3JTJDJTIwZnVuY3Rpb24lMjglMjklN0JpbmZvd2luZG93Lm9wZW4lMjhtYXAlMkNtYXJrZXIlMjklM0IlN0QlMjklM0JpbmZvd2luZG93Lm9wZW4lMjhtYXAlMkNtYXJrZXIlMjklM0IlN0Rnb29nbGUubWFwcy5ldmVudC5hZGREb21MaXN0ZW5lciUyOHdpbmRvdyUyQyUyMCUyN2xvYWQlMjclMkMlMjBpbml0X21hcCUyOSUzQiUzQyUyRnNjcmlwdCUzRQ==[\/vc_raw_html][\/vc_column][vc_column width=\u00bb1\/2&#8243; offset=\u00bbvc_col-lg-4 vc_col-md-4 vc_col-xs-12&#8243;][vc_column_text] Informaci\u00f3n De Contacto [\/vc_column_text][vc_empty_space height=\u00bb18px\u00bb][vc_column_text]Direccion: Cr 26 # 20-20 Armenia, Quindio Colombia[\/vc_column_text][vc_empty_space height=\u00bb16px\u00bb][vc_column_text]Telefonos: (+1) 772 333 8369 USA &#8211; (+57) 321 884 0323 Colombia[\/vc_column_text][vc_empty_space height=\u00bb16px\u00bb][vc_column_text]Email: info@fundacionasq.org[\/vc_column_text][vc_empty_space height=\u00bb16px\u00bb][vc_empty_space height=\u00bb16px\u00bb][vc_column_text]Social links:[\/vc_column_text][vc_empty_space height=\u00bb40px\u00bb][\/vc_column][\/vc_row][vc_row][vc_column][\/vc_column][\/vc_row]<\/p>\n","protected":false},"author":1,"featured_media":0,"parent":0,"menu_order":600,"comment_status":"closed","ping_status":"closed","template":"","meta":[],"_links":{"self":[{"href":"http:\/\/fundacionasq.org\/es\/wp-json\/wp\/v2\/pages\/11"}],"collection":[{"href":"http:\/\/fundacionasq.org\/es\/wp-json\/wp\/v2\/pages"}],"about":[{"href":"http:\/\/fundacionasq.org\/es\/wp-json\/wp\/v2\/types\/page"}],"author":[{"embeddable":true,"href":"http:\/\/fundacionasq.org\/es\/wp-json\/wp\/v2\/users\/1"}],"replies":[{"embeddable":true,"href":"http:\/\/fundacionasq.org\/es\/wp-json\/wp\/v2\/comments?post=11"}],"version-history":[{"count":10,"href":"http:\/\/fundacionasq.org\/es\/wp-json\/wp\/v2\/pages\/11\/revisions"}],"predecessor-version":[{"id":15000,"href":"http:\/\/fundacionasq.org\/es\/wp-json\/wp\/v2\/pages\/11\/revisions\/15000"}],"wp:attachment":[{"href":"http:\/\/fundacionasq.org\/es\/wp-json\/wp\/v2\/media?parent=11"}],"curies":[{"name":"wp","href":"https:\/\/api.w.org\/{rel}","templated":true}]}}